{"id":439,"date":"2024-04-24T17:46:35","date_gmt":"2024-04-24T17:46:35","guid":{"rendered":"https:\/\/frankofeel.com\/?page_id=439"},"modified":"2024-08-06T22:34:13","modified_gmt":"2024-08-06T22:34:13","slug":"la-vie-en-lavande-2","status":"publish","type":"page","link":"https:\/\/frankofeel.com\/","title":{"rendered":"la vie en lavande"},"content":{"rendered":"\n<blockquote class=\"wp-block-quote has-text-align-right has-medium-font-size is-layout-flow wp-block-quote-is-layout-flow\">\n<p class=\"has-medium-font-size\">Heureux qui comme Ulysse a fait un beau voyage.<\/p>\n<cite><em>Joachim du Bella<\/em>y<\/cite><\/blockquote>\n\n\n\n<p style=\"font-size:16px\">Herzlich willkommen in meiner kleinen franz\u00f6sischen Ecke des Internets!<\/p>\n\n\n\n<p style=\"font-size:16px\">F\u00fcr alle, die ihr Herz wie ich schon lange an Frankreich verloren haben oder gerade dabei sind, es zu entdecken \u2013 hier findet ihr in Zukunft Inspiration, pers\u00f6nliche Erfahrungen, den ein oder anderen Insidertipp \u2013 und hoffentlich jede Menge Anlass zum Tr\u00e4umen!<\/p>\n\n\n\n<p style=\"font-size:16px\">Ob ihr dabei von einem Leben oder auch nur Urlaub in Frankreich tr\u00e4umt, Inspiration f\u00fcr euer n\u00e4chste Reise sucht oder einfach mehr \u201eFrankreich\u201c in die eigenen vier W\u00e4nde holen m\u00f6chtet \u2013 es ist f\u00fcr jeden etwas dabei.&nbsp;<\/p>\n\n\n\n<p class=\"has-text-color has-link-color has-medium-font-size wp-elements-a743e40ce3ba9ba31148fa3137e7e4cf\" style=\"color:#280379\"><strong>Bon voyage !<\/strong><\/p>\n\n\n\n<div class=\"wp-block-group is-vertical is-layout-flex wp-container-core-group-is-layout-1 wp-block-group-is-layout-flex\"><div class=\"wp-block-jetpack-post-publish-qr-post-panel\">\n<div class=\"wp-block-jetpack-blogroll\">\n<h3 class=\"wp-block-heading\">Blogroll<\/h3>\n<\/div>\n<\/div><\/div>\n","protected":false},"excerpt":{"rendered":"<p>Heureux qui comme Ulysse a fait un beau voyage. Joachim du Bellay Herzlich willkommen in meiner kleinen franz\u00f6sischen Ecke des Internets! F\u00fcr alle, die ihr Herz wie ich schon lange an Frankreich verloren haben oder gerade dabei sind, es zu entdecken \u2013 hier findet ihr in Zukunft Inspiration, pers\u00f6nliche Erfahrungen, den ein oder anderen Insidertipp [&hellip;]<\/p>\n","protected":false},"author":1,"featured_media":0,"parent":0,"menu_order":0,"comment_status":"closed","ping_status":"closed","template":"","meta":{"ocean_post_layout":"","ocean_both_sidebars_style":"","ocean_both_sidebars_content_width":0,"ocean_both_sidebars_sidebars_width":0,"ocean_sidebar":"","ocean_second_sidebar":"","ocean_disable_margins":"enable","ocean_add_body_class":"","ocean_shortcode_before_top_bar":"","ocean_shortcode_after_top_bar":"","ocean_shortcode_before_header":"","ocean_shortcode_after_header":"","ocean_has_shortcode":"","ocean_shortcode_after_title":"","ocean_shortcode_before_footer_widgets":"","ocean_shortcode_after_footer_widgets":"","ocean_shortcode_before_footer_bottom":"","ocean_shortcode_after_footer_bottom":"","ocean_display_top_bar":"default","ocean_display_header":"default","ocean_header_style":"","ocean_center_header_left_menu":"","ocean_custom_header_template":"","ocean_custom_logo":0,"ocean_custom_retina_logo":0,"ocean_custom_logo_max_width":0,"ocean_custom_logo_tablet_max_width":0,"ocean_custom_logo_mobile_max_width":0,"ocean_custom_logo_max_height":0,"ocean_custom_logo_tablet_max_height":0,"ocean_custom_logo_mobile_max_height":0,"ocean_header_custom_menu":"","ocean_menu_typo_font_family":"","ocean_menu_typo_font_subset":"","ocean_menu_typo_font_size":0,"ocean_menu_typo_font_size_tablet":0,"ocean_menu_typo_font_size_mobile":0,"ocean_menu_typo_font_size_unit":"px","ocean_menu_typo_font_weight":"","ocean_menu_typo_font_weight_tablet":"","ocean_menu_typo_font_weight_mobile":"","ocean_menu_typo_transform":"","ocean_menu_typo_transform_tablet":"","ocean_menu_typo_transform_mobile":"","ocean_menu_typo_line_height":0,"ocean_menu_typo_line_height_tablet":0,"ocean_menu_typo_line_height_mobile":0,"ocean_menu_typo_line_height_unit":"","ocean_menu_typo_spacing":0,"ocean_menu_typo_spacing_tablet":0,"ocean_menu_typo_spacing_mobile":0,"ocean_menu_typo_spacing_unit":"","ocean_menu_link_color":"","ocean_menu_link_color_hover":"","ocean_menu_link_color_active":"","ocean_menu_link_background":"","ocean_menu_link_hover_background":"","ocean_menu_link_active_background":"","ocean_menu_social_links_bg":"","ocean_menu_social_hover_links_bg":"","ocean_menu_social_links_color":"","ocean_menu_social_hover_links_color":"","ocean_disable_title":"default","ocean_disable_heading":"default","ocean_post_title":"","ocean_post_subheading":"","ocean_post_title_style":"","ocean_post_title_background_color":"","ocean_post_title_background":0,"ocean_post_title_bg_image_position":"","ocean_post_title_bg_image_attachment":"","ocean_post_title_bg_image_repeat":"","ocean_post_title_bg_image_size":"","ocean_post_title_height":0,"ocean_post_title_bg_overlay":0.5,"ocean_post_title_bg_overlay_color":"","ocean_disable_breadcrumbs":"default","ocean_breadcrumbs_color":"","ocean_breadcrumbs_separator_color":"","ocean_breadcrumbs_links_color":"","ocean_breadcrumbs_links_hover_color":"","ocean_display_footer_widgets":"default","ocean_display_footer_bottom":"default","ocean_custom_footer_template":"","footnotes":""},"class_list":["post-439","page","type-page","status-publish","hentry","entry"],"jetpack-related-posts":[],"jetpack_sharing_enabled":true,"_links":{"self":[{"href":"https:\/\/frankofeel.com\/index.php?rest_route=\/wp\/v2\/pages\/439"}],"collection":[{"href":"https:\/\/frankofeel.com\/index.php?rest_route=\/wp\/v2\/pages"}],"about":[{"href":"https:\/\/frankofeel.com\/index.php?rest_route=\/wp\/v2\/types\/page"}],"author":[{"embeddable":true,"href":"https:\/\/frankofeel.com\/index.php?rest_route=\/wp\/v2\/users\/1"}],"replies":[{"embeddable":true,"href":"https:\/\/frankofeel.com\/index.php?rest_route=%2Fwp%2Fv2%2Fcomments&post=439"}],"version-history":[{"count":7,"href":"https:\/\/frankofeel.com\/index.php?rest_route=\/wp\/v2\/pages\/439\/revisions"}],"predecessor-version":[{"id":486,"href":"https:\/\/frankofeel.com\/index.php?rest_route=\/wp\/v2\/pages\/439\/revisions\/486"}],"wp:attachment":[{"href":"https:\/\/frankofeel.com\/index.php?rest_route=%2Fwp%2Fv2%2Fmedia&parent=439"}],"curies":[{"name":"wp","href":"https:\/\/api.w.org\/{rel}","templated":true}]}}